{"id":449,"date":"2025-10-06T22:37:29","date_gmt":"2025-10-06T22:37:29","guid":{"rendered":"https:\/\/querubimforce.com.br\/?page_id=449"},"modified":"2025-10-07T18:35:26","modified_gmt":"2025-10-07T18:35:26","slug":"blog","status":"publish","type":"page","link":"https:\/\/querubimforce.com.br\/index.php\/blog\/","title":{"rendered":"Blog"},"content":{"rendered":"\t\t<div data-elementor-type=\"wp-page\" data-elementor-id=\"449\" class=\"elementor elementor-449\" data-elementor-settings=\"{&quot;element_pack_global_tooltip_width&quot;:{&quot;unit&quot;:&quot;px&quot;,&quot;size&quot;:&quot;&quot;,&quot;sizes&quot;:[]},&quot;element_pack_global_tooltip_width_tablet&quot;:{&quot;unit&quot;:&quot;px&quot;,&quot;size&quot;:&quot;&quot;,&quot;sizes&quot;:[]},&quot;element_pack_global_tooltip_width_mobile&quot;:{&quot;unit&quot;:&quot;px&quot;,&quot;size&quot;:&quot;&quot;,&quot;sizes&quot;:[]},&quot;element_pack_global_tooltip_padding&quot;:{&quot;unit&quot;:&quot;px&quot;,&quot;top&quot;:&quot;&quot;,&quot;right&quot;:&quot;&quot;,&quot;bottom&quot;:&quot;&quot;,&quot;left&quot;:&quot;&quot;,&quot;isLinked&quot;:true},&quot;element_pack_global_tooltip_padding_tablet&quot;:{&quot;unit&quot;:&quot;px&quot;,&quot;top&quot;:&quot;&quot;,&quot;right&quot;:&quot;&quot;,&quot;bottom&quot;:&quot;&quot;,&quot;left&quot;:&quot;&quot;,&quot;isLinked&quot;:true},&quot;element_pack_global_tooltip_padding_mobile&quot;:{&quot;unit&quot;:&quot;px&quot;,&quot;top&quot;:&quot;&quot;,&quot;right&quot;:&quot;&quot;,&quot;bottom&quot;:&quot;&quot;,&quot;left&quot;:&quot;&quot;,&quot;isLinked&quot;:true},&quot;element_pack_global_tooltip_border_radius&quot;:{&quot;unit&quot;:&quot;px&quot;,&quot;top&quot;:&quot;&quot;,&quot;right&quot;:&quot;&quot;,&quot;bottom&quot;:&quot;&quot;,&quot;left&quot;:&quot;&quot;,&quot;isLinked&quot;:true},&quot;element_pack_global_tooltip_border_radius_tablet&quot;:{&quot;unit&quot;:&quot;px&quot;,&quot;top&quot;:&quot;&quot;,&quot;right&quot;:&quot;&quot;,&quot;bottom&quot;:&quot;&quot;,&quot;left&quot;:&quot;&quot;,&quot;isLinked&quot;:true},&quot;element_pack_global_tooltip_border_radius_mobile&quot;:{&quot;unit&quot;:&quot;px&quot;,&quot;top&quot;:&quot;&quot;,&quot;right&quot;:&quot;&quot;,&quot;bottom&quot;:&quot;&quot;,&quot;left&quot;:&quot;&quot;,&quot;isLinked&quot;:true}}\" data-elementor-post-type=\"page\">\n\t\t\t\t<div class=\"elementor-element elementor-element-e58d8b2 bdt-particles-yes e-flex e-con-boxed e-con e-parent\" data-id=\"e58d8b2\" data-element_type=\"container\" data-settings=\"{&quot;background_background&quot;:&quot;classic&quot;,&quot;section_particles_on&quot;:&quot;yes&quot;}\">\n\t\t\t\t\t<div class=\"e-con-inner\">\n\t\t\t\t<div class=\"elementor-element elementor-element-b285d45 elementor-widget elementor-widget-heading\" data-id=\"b285d45\" data-element_type=\"widget\" data-widget_type=\"heading.default\">\n\t\t\t\t\t<h1 class=\"elementor-heading-title elementor-size-default\">Nosso Blog <\/h1>\t\t\t\t<\/div>\n\t\t\t\t\t<\/div>\n\t\t\t\t<\/div>\n\t\t<div class=\"elementor-element elementor-element-1ca927e e-flex e-con-boxed e-con e-parent\" data-id=\"1ca927e\" data-element_type=\"container\">\n\t\t\t\t\t<div class=\"e-con-inner\">\n\t\t<div class=\"elementor-element elementor-element-28f93f3 e-con-full e-flex e-con e-child\" data-id=\"28f93f3\" data-element_type=\"container\">\n\t\t\t\t<div class=\"elementor-element elementor-element-1d90c68 elementor-widget elementor-widget-bdt-post-block\" data-id=\"1d90c68\" data-element_type=\"widget\" data-widget_type=\"bdt-post-block.genesis\">\n\t\t\t\t\t \n\t\t\t<div id=\"bdtpbm_69dffe1ecf244\" class=\"bdt-post-block bdt-grid bdt-grid-match skin-genesis\" data-bdt-grid=\"\">\n\n\t\t\t\t\n\t\t\t\t  \t\t<div class=\"bdt-width-1-2@m\">\n\t\t\t\t  \t\t\t<div class=\"bdt-post-block-item featured-part\">\n\t\t\t\t\t\t\t\t<div class=\"bdt-post-block-img-wrapper bdt-margin-bottom\">\n\t\t\t\t\t\t\t\t\t<a href=\"https:\/\/querubimforce.com.br\/index.php\/2025\/11\/15\/seguranca-avancada-querubim-force-moderniza-o-condominio-arken-com-nova-solucao-integrada-em-guarulhos\/\" title=\"Seguran\u00e7a Avan\u00e7ada: Querubim Force moderniza o Condom\u00ednio Arken com nova solu\u00e7\u00e3o integrada em Guarulhos\">\n\t\t\t\t\t  \t\t\t\t\t<img decoding=\"async\" src=\"https:\/\/querubimforce.com.br\/wp-content\/uploads\/2025\/11\/Imagem-2-848x1024.jpg\" alt=\"Seguran\u00e7a Avan\u00e7ada: Querubim Force moderniza o Condom\u00ednio Arken com nova solu\u00e7\u00e3o integrada em Guarulhos\">\n\t\t\t\t\t  \t\t\t\t<\/a>\n\t\t\t\t\t\t\t\t<\/div>\n\t\t\t\t\t\t  \t\t\n\t\t\t\t\t\t  \t\t<div class=\"bdt-post-block-desc\">\n\n\t\t\t\t\t\t\t\t\t\t\t\t\t\t\t\t\t\t\t<h4  class=\"bdt-post-block-title\">\n\t\t\t\t\t\t\t\t\t\t\t<a href=\"https:\/\/querubimforce.com.br\/index.php\/2025\/11\/15\/seguranca-avancada-querubim-force-moderniza-o-condominio-arken-com-nova-solucao-integrada-em-guarulhos\/\" class=\"bdt-post-block-link\" title=\"Seguran\u00e7a Avan\u00e7ada: Querubim Force moderniza o Condom\u00ednio Arken com nova solu\u00e7\u00e3o integrada em Guarulhos\">Seguran\u00e7a Avan\u00e7ada: Querubim Force moderniza o Condom\u00ednio Arken com nova solu\u00e7\u00e3o integrada em Guarulhos<\/a>\n\t\t\t\t\t\t\t\t\t\t<\/h4 >\n\t\t\t\t\t\t\t\t\t\n\t            \t            \t\n\t\t\t\t\t\t\t\t\t\n\t\t\t\t\t\t\t\t\t\t\t\t\t\t\t\t\t\t\t<a href=\"https:\/\/querubimforce.com.br\/index.php\/2025\/11\/15\/seguranca-avancada-querubim-force-moderniza-o-condominio-arken-com-nova-solucao-integrada-em-guarulhos\/\" class=\"bdt-post-block-read-more bdt-link-reset\">Ler mais\t\t\t\t\t\t\t\t\t\t\t\n\t\t\t\t\t\t\t\t\t\t\t\n\t\t\t\t\t\t\t\t\t\t<\/a>\n\t\t\t\t\t\t\t\t\t\n\t\t\t\t\t\t  \t\t<\/div>\n\n\t\t\t\t\t\t\t<\/div>\n\t\t\t\t\t\t\t\n\t\t\t\t\t\t<\/div>\n\t\t\t\t\t\n\t\t\t\t\t\n\t\t\t\t\t\n\t\t\t\t  \t\t<div class=\"bdt-width-1-2@m\">\n\t\t\t\t  \t\t\t<div class=\"bdt-post-block-item featured-part\">\n\t\t\t\t\t\t\t\t<div class=\"bdt-post-block-img-wrapper bdt-margin-bottom\">\n\t\t\t\t\t\t\t\t\t<a href=\"https:\/\/querubimforce.com.br\/index.php\/2025\/10\/26\/grupo-querubim-promove-um-evento-tematico-do-outubro-rosa\/\" title=\"Grupo Querubim promove um evento tem\u00e1tico do Outubro Rosa\">\n\t\t\t\t\t  \t\t\t\t\t<img decoding=\"async\" src=\"https:\/\/querubimforce.com.br\/wp-content\/uploads\/2025\/10\/Imagem-do-WhatsApp-de-2025-10-21-as-12.53.08_0d37995d-1024x576.jpg\" alt=\"Grupo Querubim promove um evento tem\u00e1tico do Outubro Rosa\">\n\t\t\t\t\t  \t\t\t\t<\/a>\n\t\t\t\t\t\t\t\t<\/div>\n\t\t\t\t\t\t  \t\t\n\t\t\t\t\t\t  \t\t<div class=\"bdt-post-block-desc\">\n\n\t\t\t\t\t\t\t\t\t\t\t\t\t\t\t\t\t\t\t<h4  class=\"bdt-post-block-title\">\n\t\t\t\t\t\t\t\t\t\t\t<a href=\"https:\/\/querubimforce.com.br\/index.php\/2025\/10\/26\/grupo-querubim-promove-um-evento-tematico-do-outubro-rosa\/\" class=\"bdt-post-block-link\" title=\"Grupo Querubim promove um evento tem\u00e1tico do Outubro Rosa\">Grupo Querubim promove um evento tem\u00e1tico do Outubro Rosa<\/a>\n\t\t\t\t\t\t\t\t\t\t<\/h4 >\n\t\t\t\t\t\t\t\t\t\n\t            \t            \t\n\t\t\t\t\t\t\t\t\t\n\t\t\t\t\t\t\t\t\t\t\t\t\t\t\t\t\t\t\t<a href=\"https:\/\/querubimforce.com.br\/index.php\/2025\/10\/26\/grupo-querubim-promove-um-evento-tematico-do-outubro-rosa\/\" class=\"bdt-post-block-read-more bdt-link-reset\">Ler mais\t\t\t\t\t\t\t\t\t\t\t\n\t\t\t\t\t\t\t\t\t\t\t\n\t\t\t\t\t\t\t\t\t\t<\/a>\n\t\t\t\t\t\t\t\t\t\n\t\t\t\t\t\t  \t\t<\/div>\n\n\t\t\t\t\t\t\t<\/div>\n\t\t\t\t\t\t\t\n\t\t\t\t\t\t<\/div>\n\t\t\t\t\t\n\t\t\t\t\t\n\t\t\t  \t\t<div class=\"bdt-post-block-item list-part bdt-width-1-1@m bdt-margin-medium-top\">\n\t\t\t  \t\t\t<ul class=\"bdt-child-width-1-2@m bdt-has-divider\" data-bdt-grid data-bdt-scrollspy=\"cls: bdt-animation-fade; target: > .bdt-post-block-item; delay: 300;\">\n\t\t\t  \t\t\n\t\t\t\t\t\t\t\t\t\t\t\t\t\t\t\t  \t\t\t<li>\n\t\t\t\t\t\t  \t\t\t<div class=\"bdt-flex\">\n\t\t\t\t\t\t  \t\t\t\t<div class=\"bdt-post-block-thumbnail bdt-width-auto\">\n\t\t\t\t\t\t  \t\t\t\t\t<a href=\"https:\/\/querubimforce.com.br\/index.php\/2025\/10\/26\/grupo-querubim-realiza-a-maior-edicao-do-projeto-doe-brinquedos-e-ganhe-sorrisos\/\" title=\"Grupo Querubim realiza a maior edi\u00e7\u00e3o do projeto \u201cDoe Brinquedos e Ganhe Sorrisos\u201d\">\n\t\t\t\t\t\t\t  \t\t\t\t\t<img decoding=\"async\" src=\"https:\/\/querubimforce.com.br\/wp-content\/uploads\/2025\/10\/Imagem-do-WhatsApp-de-2025-10-21-as-13.18.06_ee3d44a9-150x150.jpg\" alt=\"Grupo Querubim realiza a maior edi\u00e7\u00e3o do projeto \u201cDoe Brinquedos e Ganhe Sorrisos\u201d\">\n\t\t\t\t\t\t\t  \t\t\t\t<\/a>\n\t\t\t\t\t\t  \t\t\t\t<\/div>\n\t\t\t\t\t\t\t\t  \t\t<div class=\"bdt-post-block-desc bdt-width-expand bdt-margin-small-left\">\n\t\t\t\t\t\t\t\t\t\t\t\t\t\t\t\t\t\t\t\t\t\t\t<h4 class=\"bdt-post-block-title\">\n\t\t\t\t\t\t\t\t\t\t\t\t\t<a href=\"https:\/\/querubimforce.com.br\/index.php\/2025\/10\/26\/grupo-querubim-realiza-a-maior-edicao-do-projeto-doe-brinquedos-e-ganhe-sorrisos\/\" class=\"bdt-post-block-link\" title=\"Grupo Querubim realiza a maior edi\u00e7\u00e3o do projeto \u201cDoe Brinquedos e Ganhe Sorrisos\u201d\">Grupo Querubim realiza a maior edi\u00e7\u00e3o do projeto \u201cDoe Brinquedos e Ganhe Sorrisos\u201d<\/a>\n\t\t\t\t\t\t\t\t\t\t\t\t<\/h4>\n\t\t\t\t\t\t\t\t\t\t\t\n\t\t\t\t\t\t\t            \t\n\t\t\t\t\t\t\t\t\t\t\t\t<div class=\"bdt-post-block-meta bdt-subnav bdt-flex-middle\">\n\t\t\t\t\t\t\t\t\t\t\t\t\t<span>26\/10\/2025<\/span>\n\t\t\t\t\t\t\t\t\t\t\t\t\t\t\t\t\t\t\t\t\t\t\t\t\t\t\n\t\t\t\t\t\t\t\t\t\t\t\t<\/div>\n\n\t\t\t\t\t\t\t\t\t\t\t\t\t\t\t\t\t\t\t  \t\t<\/div>\n\t\t\t\t\t\t\t\t\t<\/div>\n\t\t\t\t\t\t\t\t<\/li>\n\t\t\t\t\t\t\t\t\t\t\t\t\t\t\t\t\t\t  \t\t\t<li>\n\t\t\t\t\t\t  \t\t\t<div class=\"bdt-flex\">\n\t\t\t\t\t\t  \t\t\t\t<div class=\"bdt-post-block-thumbnail bdt-width-auto\">\n\t\t\t\t\t\t  \t\t\t\t\t<a href=\"https:\/\/querubimforce.com.br\/index.php\/2025\/10\/07\/querubim-force-a-forca-terceirizada-de-guarulhos-com-nome-e-coracao-de-gente\/\" title=\"Querubim Force: A For\u00e7a Terceirizada de Guarulhos com Nome e Cora\u00e7\u00e3o de Gente\">\n\t\t\t\t\t\t\t  \t\t\t\t\t<img decoding=\"async\" src=\"https:\/\/querubimforce.com.br\/wp-content\/uploads\/2025\/10\/cleaning-service-during-work-PPTAZG5-150x150.jpg\" alt=\"Querubim Force: A For\u00e7a Terceirizada de Guarulhos com Nome e Cora\u00e7\u00e3o de Gente\">\n\t\t\t\t\t\t\t  \t\t\t\t<\/a>\n\t\t\t\t\t\t  \t\t\t\t<\/div>\n\t\t\t\t\t\t\t\t  \t\t<div class=\"bdt-post-block-desc bdt-width-expand bdt-margin-small-left\">\n\t\t\t\t\t\t\t\t\t\t\t\t\t\t\t\t\t\t\t\t\t\t\t<h4 class=\"bdt-post-block-title\">\n\t\t\t\t\t\t\t\t\t\t\t\t\t<a href=\"https:\/\/querubimforce.com.br\/index.php\/2025\/10\/07\/querubim-force-a-forca-terceirizada-de-guarulhos-com-nome-e-coracao-de-gente\/\" class=\"bdt-post-block-link\" title=\"Querubim Force: A For\u00e7a Terceirizada de Guarulhos com Nome e Cora\u00e7\u00e3o de Gente\">Querubim Force: A For\u00e7a Terceirizada de Guarulhos com Nome e Cora\u00e7\u00e3o de Gente<\/a>\n\t\t\t\t\t\t\t\t\t\t\t\t<\/h4>\n\t\t\t\t\t\t\t\t\t\t\t\n\t\t\t\t\t\t\t            \t\n\t\t\t\t\t\t\t\t\t\t\t\t<div class=\"bdt-post-block-meta bdt-subnav bdt-flex-middle\">\n\t\t\t\t\t\t\t\t\t\t\t\t\t<span>07\/10\/2025<\/span>\n\t\t\t\t\t\t\t\t\t\t\t\t\t\t\t\t\t\t\t\t\t\t\t\t\t\t\n\t\t\t\t\t\t\t\t\t\t\t\t<\/div>\n\n\t\t\t\t\t\t\t\t\t\t\t\t\t\t\t\t\t\t\t  \t\t<\/div>\n\t\t\t\t\t\t\t\t\t<\/div>\n\t\t\t\t\t\t\t\t<\/li>\n\t\t\t\t\t\t\t\t\t\t\t\t\t\t\t\t\t\t  \t\t\t<li>\n\t\t\t\t\t\t  \t\t\t<div class=\"bdt-flex\">\n\t\t\t\t\t\t  \t\t\t\t<div class=\"bdt-post-block-thumbnail bdt-width-auto\">\n\t\t\t\t\t\t  \t\t\t\t\t<a href=\"https:\/\/querubimforce.com.br\/index.php\/2025\/10\/06\/doe-brinquedos-ganhe-sorrisos-chega-a-sua-6a-edicao-com-a-maior-estrutura-ja-realizada\/\" title=\"Doe Brinquedos, Ganhe Sorrisos chega \u00e0 sua 6\u00aa edi\u00e7\u00e3o com a maior estrutura j\u00e1 realizada\">\n\t\t\t\t\t\t\t  \t\t\t\t\t<img decoding=\"async\" src=\"https:\/\/querubimforce.com.br\/wp-content\/uploads\/2025\/10\/2-150x150.jpg\" alt=\"Doe Brinquedos, Ganhe Sorrisos chega \u00e0 sua 6\u00aa edi\u00e7\u00e3o com a maior estrutura j\u00e1 realizada\">\n\t\t\t\t\t\t\t  \t\t\t\t<\/a>\n\t\t\t\t\t\t  \t\t\t\t<\/div>\n\t\t\t\t\t\t\t\t  \t\t<div class=\"bdt-post-block-desc bdt-width-expand bdt-margin-small-left\">\n\t\t\t\t\t\t\t\t\t\t\t\t\t\t\t\t\t\t\t\t\t\t\t<h4 class=\"bdt-post-block-title\">\n\t\t\t\t\t\t\t\t\t\t\t\t\t<a href=\"https:\/\/querubimforce.com.br\/index.php\/2025\/10\/06\/doe-brinquedos-ganhe-sorrisos-chega-a-sua-6a-edicao-com-a-maior-estrutura-ja-realizada\/\" class=\"bdt-post-block-link\" title=\"Doe Brinquedos, Ganhe Sorrisos chega \u00e0 sua 6\u00aa edi\u00e7\u00e3o com a maior estrutura j\u00e1 realizada\">Doe Brinquedos, Ganhe Sorrisos chega \u00e0 sua 6\u00aa edi\u00e7\u00e3o com a maior estrutura j\u00e1 realizada<\/a>\n\t\t\t\t\t\t\t\t\t\t\t\t<\/h4>\n\t\t\t\t\t\t\t\t\t\t\t\n\t\t\t\t\t\t\t            \t\n\t\t\t\t\t\t\t\t\t\t\t\t<div class=\"bdt-post-block-meta bdt-subnav bdt-flex-middle\">\n\t\t\t\t\t\t\t\t\t\t\t\t\t<span>06\/10\/2025<\/span>\n\t\t\t\t\t\t\t\t\t\t\t\t\t\t\t\t\t\t\t\t\t\t\t\t\t\t\n\t\t\t\t\t\t\t\t\t\t\t\t<\/div>\n\n\t\t\t\t\t\t\t\t\t\t\t\t\t\t\t\t\t\t\t  \t\t<\/div>\n\t\t\t\t\t\t\t\t\t<\/div>\n\t\t\t\t\t\t\t\t<\/li>\n\t\t\t\t\t\t\t\t\t\t\t\t\t<\/ul>\n\t\t\t\t\t<\/div>\n\t\t\t\t<\/div>\n\t\t\n\t\t \t\t\t\t\t<\/div>\n\t\t\t\t<\/div>\n\t\t<div class=\"elementor-element elementor-element-b193e21 e-con-full e-flex e-con e-child\" data-id=\"b193e21\" data-element_type=\"container\">\n\t\t\t\t<div class=\"elementor-element elementor-element-0930df9 bdt-has-divider--yes elementor-widget elementor-widget-bdt-post-list\" data-id=\"0930df9\" data-element_type=\"widget\" data-widget_type=\"bdt-post-list.default\">\n\t\t\t\t\t\t\t<div class=\"bdt-post-list-wrap\" data-show-hide=\"{&quot;show_title&quot;:&quot;yes&quot;,&quot;show_image&quot;:&quot;yes&quot;,&quot;show_date&quot;:&quot;yes&quot;,&quot;human_diff_time_short&quot;:&quot;no&quot;}\">\n\t\t\t\t\t\t<div class=\"bdt-post-list\" id=\"bdt-post-list-0930df9\" data-settings=\"{&quot;taxonomy&quot;:&quot;category&quot;,&quot;post-type&quot;:&quot;post&quot;,&quot;order&quot;:&quot;desc&quot;,&quot;orderby&quot;:&quot;date&quot;,&quot;posts_per_page&quot;:6}\">\n\t\t\t\t\t\t\t\t\t\t\n\t\t\t\t\t<div class=\"bdt-item-wrap bdt-flex\">\n\t\t\t\t\t\t<div class=\"bdt-item bdt-flex bdt-flex-middle\">\n\t\t\t\t\t\t\t\n\t\t\t\t\t\t\t\t\t\t\t\t\t\t<div class=\"bdt-image bdt-flex\">\n\t\t\t\t\t\t\t\t<a href=\"https:\/\/querubimforce.com.br\/index.php\/2025\/11\/15\/seguranca-avancada-querubim-force-moderniza-o-condominio-arken-com-nova-solucao-integrada-em-guarulhos\/\"\n\t\t\t\t\t\t\t\t\ttitle=\"Seguran\u00e7a Avan\u00e7ada: Querubim Force moderniza o Condom\u00ednio Arken com nova solu\u00e7\u00e3o integrada em Guarulhos\">\n\t\t\t\t\t\t\t\t\t<img decoding=\"async\" width=\"150\" height=\"150\" src=\"https:\/\/querubimforce.com.br\/wp-content\/uploads\/2025\/11\/Imagem-2-150x150.jpg\" class=\"attachment-thumbnail size-thumbnail\" alt=\"Seguran\u00e7a Avan\u00e7ada: Querubim Force moderniza o Condom\u00ednio Arken com nova solu\u00e7\u00e3o integrada em Guarulhos\" \/>\t\t\t\t\t\t\t\t<\/a>\n\t\t\t\t\t\t\t<\/div>\n\t\t\t\t\t\t\t\n\t\t\t\t\t\t\t<div class=\"bdt-content\">\n\t\t\t\t\t\t\t\t\t\t\t\t\t\t\t\t\t<h4\t\t\t\t\t\t\t\t\t\tclass=\"bdt-title\">\n\t\t\t\t\t\t\t\t\t\t<a href=\"https:\/\/querubimforce.com.br\/index.php\/2025\/11\/15\/seguranca-avancada-querubim-force-moderniza-o-condominio-arken-com-nova-solucao-integrada-em-guarulhos\/\" class=\"bdt-link\"\n\t\t\t\t\t\t\t\t\t\t\ttitle=\"Seguran\u00e7a Avan\u00e7ada: Querubim Force moderniza o Condom\u00ednio Arken com nova solu\u00e7\u00e3o integrada em Guarulhos\">\n\t\t\t\t\t\t\t\t\t\t\tSeguran\u00e7a Avan\u00e7ada: Querubim Force moderniza o Condom\u00ednio Arken com nova solu\u00e7\u00e3o integrada em Guarulhos\t\t\t\t\t\t\t\t\t\t<\/a>\n\t\t\t\t\t\t\t\t\t<\/h4>\n\t\t\t\t\t\t\t\t\n\t\t\t\t\t\t\t\t\n\t\t\t\t\t\t\t\t\t<div class=\"bdt-meta bdt-subnav bdt-flex-middle\">\n\t\t\t\t\t\t\t\t\t\t<span>15\/11\/2025<\/span>\t\t\t\t\t\t\t\t\t\t\n\t\t\t\t\t\t\t\t\t<\/div>\n\n\t\t\t\t\t\t\t\t\t\t\t\t\t\t\t<\/div>\n\t\t\t\t\t\t<\/div>\n\t\t\t\t\t<\/div>\n\t\t\t\t\t\t\t\t\t\t\n\t\t\t\t\t<div class=\"bdt-item-wrap bdt-flex\">\n\t\t\t\t\t\t<div class=\"bdt-item bdt-flex bdt-flex-middle\">\n\t\t\t\t\t\t\t\n\t\t\t\t\t\t\t\t\t\t\t\t\t\t<div class=\"bdt-image bdt-flex\">\n\t\t\t\t\t\t\t\t<a href=\"https:\/\/querubimforce.com.br\/index.php\/2025\/10\/26\/grupo-querubim-promove-um-evento-tematico-do-outubro-rosa\/\"\n\t\t\t\t\t\t\t\t\ttitle=\"Grupo Querubim promove um evento tem\u00e1tico do Outubro Rosa\">\n\t\t\t\t\t\t\t\t\t<img decoding=\"async\" width=\"150\" height=\"150\" src=\"https:\/\/querubimforce.com.br\/wp-content\/uploads\/2025\/10\/Imagem-do-WhatsApp-de-2025-10-21-as-12.53.08_0d37995d-150x150.jpg\" class=\"attachment-thumbnail size-thumbnail\" alt=\"Grupo Querubim promove um evento tem\u00e1tico do Outubro Rosa\" \/>\t\t\t\t\t\t\t\t<\/a>\n\t\t\t\t\t\t\t<\/div>\n\t\t\t\t\t\t\t\n\t\t\t\t\t\t\t<div class=\"bdt-content\">\n\t\t\t\t\t\t\t\t\t\t\t\t\t\t\t\t\t<h4\t\t\t\t\t\t\t\t\t\tclass=\"bdt-title\">\n\t\t\t\t\t\t\t\t\t\t<a href=\"https:\/\/querubimforce.com.br\/index.php\/2025\/10\/26\/grupo-querubim-promove-um-evento-tematico-do-outubro-rosa\/\" class=\"bdt-link\"\n\t\t\t\t\t\t\t\t\t\t\ttitle=\"Grupo Querubim promove um evento tem\u00e1tico do Outubro Rosa\">\n\t\t\t\t\t\t\t\t\t\t\tGrupo Querubim promove um evento tem\u00e1tico do Outubro Rosa\t\t\t\t\t\t\t\t\t\t<\/a>\n\t\t\t\t\t\t\t\t\t<\/h4>\n\t\t\t\t\t\t\t\t\n\t\t\t\t\t\t\t\t\n\t\t\t\t\t\t\t\t\t<div class=\"bdt-meta bdt-subnav bdt-flex-middle\">\n\t\t\t\t\t\t\t\t\t\t<span>26\/10\/2025<\/span>\t\t\t\t\t\t\t\t\t\t\n\t\t\t\t\t\t\t\t\t<\/div>\n\n\t\t\t\t\t\t\t\t\t\t\t\t\t\t\t<\/div>\n\t\t\t\t\t\t<\/div>\n\t\t\t\t\t<\/div>\n\t\t\t\t\t\t\t\t\t\t\n\t\t\t\t\t<div class=\"bdt-item-wrap bdt-flex\">\n\t\t\t\t\t\t<div class=\"bdt-item bdt-flex bdt-flex-middle\">\n\t\t\t\t\t\t\t\n\t\t\t\t\t\t\t\t\t\t\t\t\t\t<div class=\"bdt-image bdt-flex\">\n\t\t\t\t\t\t\t\t<a href=\"https:\/\/querubimforce.com.br\/index.php\/2025\/10\/26\/grupo-querubim-realiza-a-maior-edicao-do-projeto-doe-brinquedos-e-ganhe-sorrisos\/\"\n\t\t\t\t\t\t\t\t\ttitle=\"Grupo Querubim realiza a maior edi\u00e7\u00e3o do projeto \u201cDoe Brinquedos e Ganhe Sorrisos\u201d\">\n\t\t\t\t\t\t\t\t\t<img decoding=\"async\" width=\"150\" height=\"150\" src=\"https:\/\/querubimforce.com.br\/wp-content\/uploads\/2025\/10\/Imagem-do-WhatsApp-de-2025-10-21-as-13.18.06_ee3d44a9-150x150.jpg\" class=\"attachment-thumbnail size-thumbnail\" alt=\"Grupo Querubim realiza a maior edi\u00e7\u00e3o do projeto \u201cDoe Brinquedos e Ganhe Sorrisos\u201d\" \/>\t\t\t\t\t\t\t\t<\/a>\n\t\t\t\t\t\t\t<\/div>\n\t\t\t\t\t\t\t\n\t\t\t\t\t\t\t<div class=\"bdt-content\">\n\t\t\t\t\t\t\t\t\t\t\t\t\t\t\t\t\t<h4\t\t\t\t\t\t\t\t\t\tclass=\"bdt-title\">\n\t\t\t\t\t\t\t\t\t\t<a href=\"https:\/\/querubimforce.com.br\/index.php\/2025\/10\/26\/grupo-querubim-realiza-a-maior-edicao-do-projeto-doe-brinquedos-e-ganhe-sorrisos\/\" class=\"bdt-link\"\n\t\t\t\t\t\t\t\t\t\t\ttitle=\"Grupo Querubim realiza a maior edi\u00e7\u00e3o do projeto \u201cDoe Brinquedos e Ganhe Sorrisos\u201d\">\n\t\t\t\t\t\t\t\t\t\t\tGrupo Querubim realiza a maior edi\u00e7\u00e3o do projeto \u201cDoe Brinquedos e Ganhe Sorrisos\u201d\t\t\t\t\t\t\t\t\t\t<\/a>\n\t\t\t\t\t\t\t\t\t<\/h4>\n\t\t\t\t\t\t\t\t\n\t\t\t\t\t\t\t\t\n\t\t\t\t\t\t\t\t\t<div class=\"bdt-meta bdt-subnav bdt-flex-middle\">\n\t\t\t\t\t\t\t\t\t\t<span>26\/10\/2025<\/span>\t\t\t\t\t\t\t\t\t\t\n\t\t\t\t\t\t\t\t\t<\/div>\n\n\t\t\t\t\t\t\t\t\t\t\t\t\t\t\t<\/div>\n\t\t\t\t\t\t<\/div>\n\t\t\t\t\t<\/div>\n\t\t\t\t\t\t\t\t\t\t\n\t\t\t\t\t<div class=\"bdt-item-wrap bdt-flex\">\n\t\t\t\t\t\t<div class=\"bdt-item bdt-flex bdt-flex-middle\">\n\t\t\t\t\t\t\t\n\t\t\t\t\t\t\t\t\t\t\t\t\t\t<div class=\"bdt-image bdt-flex\">\n\t\t\t\t\t\t\t\t<a href=\"https:\/\/querubimforce.com.br\/index.php\/2025\/10\/07\/querubim-force-a-forca-terceirizada-de-guarulhos-com-nome-e-coracao-de-gente\/\"\n\t\t\t\t\t\t\t\t\ttitle=\"Querubim Force: A For\u00e7a Terceirizada de Guarulhos com Nome e Cora\u00e7\u00e3o de Gente\">\n\t\t\t\t\t\t\t\t\t<img loading=\"lazy\" decoding=\"async\" width=\"150\" height=\"150\" src=\"https:\/\/querubimforce.com.br\/wp-content\/uploads\/2025\/10\/cleaning-service-during-work-PPTAZG5-150x150.jpg\" class=\"attachment-thumbnail size-thumbnail\" alt=\"Querubim Force: A For\u00e7a Terceirizada de Guarulhos com Nome e Cora\u00e7\u00e3o de Gente\" \/>\t\t\t\t\t\t\t\t<\/a>\n\t\t\t\t\t\t\t<\/div>\n\t\t\t\t\t\t\t\n\t\t\t\t\t\t\t<div class=\"bdt-content\">\n\t\t\t\t\t\t\t\t\t\t\t\t\t\t\t\t\t<h4\t\t\t\t\t\t\t\t\t\tclass=\"bdt-title\">\n\t\t\t\t\t\t\t\t\t\t<a href=\"https:\/\/querubimforce.com.br\/index.php\/2025\/10\/07\/querubim-force-a-forca-terceirizada-de-guarulhos-com-nome-e-coracao-de-gente\/\" class=\"bdt-link\"\n\t\t\t\t\t\t\t\t\t\t\ttitle=\"Querubim Force: A For\u00e7a Terceirizada de Guarulhos com Nome e Cora\u00e7\u00e3o de Gente\">\n\t\t\t\t\t\t\t\t\t\t\tQuerubim Force: A For\u00e7a Terceirizada de Guarulhos com Nome e Cora\u00e7\u00e3o de Gente\t\t\t\t\t\t\t\t\t\t<\/a>\n\t\t\t\t\t\t\t\t\t<\/h4>\n\t\t\t\t\t\t\t\t\n\t\t\t\t\t\t\t\t\n\t\t\t\t\t\t\t\t\t<div class=\"bdt-meta bdt-subnav bdt-flex-middle\">\n\t\t\t\t\t\t\t\t\t\t<span>07\/10\/2025<\/span>\t\t\t\t\t\t\t\t\t\t\n\t\t\t\t\t\t\t\t\t<\/div>\n\n\t\t\t\t\t\t\t\t\t\t\t\t\t\t\t<\/div>\n\t\t\t\t\t\t<\/div>\n\t\t\t\t\t<\/div>\n\t\t\t\t\t\t\t\t\t\t\n\t\t\t\t\t<div class=\"bdt-item-wrap bdt-flex\">\n\t\t\t\t\t\t<div class=\"bdt-item bdt-flex bdt-flex-middle\">\n\t\t\t\t\t\t\t\n\t\t\t\t\t\t\t\t\t\t\t\t\t\t<div class=\"bdt-image bdt-flex\">\n\t\t\t\t\t\t\t\t<a href=\"https:\/\/querubimforce.com.br\/index.php\/2025\/10\/06\/doe-brinquedos-ganhe-sorrisos-chega-a-sua-6a-edicao-com-a-maior-estrutura-ja-realizada\/\"\n\t\t\t\t\t\t\t\t\ttitle=\"Doe Brinquedos, Ganhe Sorrisos chega \u00e0 sua 6\u00aa edi\u00e7\u00e3o com a maior estrutura j\u00e1 realizada\">\n\t\t\t\t\t\t\t\t\t<img loading=\"lazy\" decoding=\"async\" width=\"150\" height=\"150\" src=\"https:\/\/querubimforce.com.br\/wp-content\/uploads\/2025\/10\/2-150x150.jpg\" class=\"attachment-thumbnail size-thumbnail\" alt=\"Doe Brinquedos, Ganhe Sorrisos chega \u00e0 sua 6\u00aa edi\u00e7\u00e3o com a maior estrutura j\u00e1 realizada\" srcset=\"https:\/\/querubimforce.com.br\/wp-content\/uploads\/2025\/10\/2-150x150.jpg 150w, https:\/\/querubimforce.com.br\/wp-content\/uploads\/2025\/10\/2-300x300.jpg 300w, https:\/\/querubimforce.com.br\/wp-content\/uploads\/2025\/10\/2-1024x1024.jpg 1024w, https:\/\/querubimforce.com.br\/wp-content\/uploads\/2025\/10\/2-768x768.jpg 768w, https:\/\/querubimforce.com.br\/wp-content\/uploads\/2025\/10\/2.jpg 1080w\" sizes=\"(max-width: 150px) 100vw, 150px\" \/>\t\t\t\t\t\t\t\t<\/a>\n\t\t\t\t\t\t\t<\/div>\n\t\t\t\t\t\t\t\n\t\t\t\t\t\t\t<div class=\"bdt-content\">\n\t\t\t\t\t\t\t\t\t\t\t\t\t\t\t\t\t<h4\t\t\t\t\t\t\t\t\t\tclass=\"bdt-title\">\n\t\t\t\t\t\t\t\t\t\t<a href=\"https:\/\/querubimforce.com.br\/index.php\/2025\/10\/06\/doe-brinquedos-ganhe-sorrisos-chega-a-sua-6a-edicao-com-a-maior-estrutura-ja-realizada\/\" class=\"bdt-link\"\n\t\t\t\t\t\t\t\t\t\t\ttitle=\"Doe Brinquedos, Ganhe Sorrisos chega \u00e0 sua 6\u00aa edi\u00e7\u00e3o com a maior estrutura j\u00e1 realizada\">\n\t\t\t\t\t\t\t\t\t\t\tDoe Brinquedos, Ganhe Sorrisos chega \u00e0 sua 6\u00aa edi\u00e7\u00e3o com a maior estrutura j\u00e1 realizada\t\t\t\t\t\t\t\t\t\t<\/a>\n\t\t\t\t\t\t\t\t\t<\/h4>\n\t\t\t\t\t\t\t\t\n\t\t\t\t\t\t\t\t\n\t\t\t\t\t\t\t\t\t<div class=\"bdt-meta bdt-subnav bdt-flex-middle\">\n\t\t\t\t\t\t\t\t\t\t<span>06\/10\/2025<\/span>\t\t\t\t\t\t\t\t\t\t\n\t\t\t\t\t\t\t\t\t<\/div>\n\n\t\t\t\t\t\t\t\t\t\t\t\t\t\t\t<\/div>\n\t\t\t\t\t\t<\/div>\n\t\t\t\t\t<\/div>\n\t\t\t\t\t\t\t\t\t\t\t\t\n\t\t\t\t<!-- GRADIENT SPINNER -->\n\t\t\t\t<div id=\"bdt-loading-image\" style=\"display: none;\">\n\t\t\t\t\t<div class=\"bdt-spinner-box\">\n\t\t\t\t\t<div class=\"bdt-circle-border\">\n\t\t\t\t\t\t<div class=\"bdt-circle-core\"><\/div>\n\t\t\t\t\t<\/div>  \n\t\t\t\t\t<\/div>\n\t\t\t\t<\/div>\n\t\t\t\t<!-- GRADIENT SPINNER -->\n\t\t\t\t\n\t\t\t<\/div>\n\t\t<\/div>\n\n\t\t\t\t\t\t\t<\/div>\n\t\t\t\t<\/div>\n\t\t\t\t\t<\/div>\n\t\t\t\t<\/div>\n\t\t\t\t<\/div>\n\t\t","protected":false},"excerpt":{"rendered":"<p>Nosso Blog Doe Brinquedos, Ganhe Sorrisos chega \u00e0 sua 6\u00aa edi\u00e7\u00e3o com a maior estrutura j\u00e1 realizada Ler mais Doe Brinquedos, Ganhe Sorrisos chega \u00e0 sua 6\u00aa edi\u00e7\u00e3o com a maior estrutura j\u00e1 realizada 06\/10\/2025<\/p>\n","protected":false},"author":1,"featured_media":0,"parent":0,"menu_order":0,"comment_status":"closed","ping_status":"closed","template":"","meta":{"footnotes":""},"class_list":["post-449","page","type-page","status-publish","hentry"],"_links":{"self":[{"href":"https:\/\/querubimforce.com.br\/index.php\/wp-json\/wp\/v2\/pages\/449","targetHints":{"allow":["GET"]}}],"collection":[{"href":"https:\/\/querubimforce.com.br\/index.php\/wp-json\/wp\/v2\/pages"}],"about":[{"href":"https:\/\/querubimforce.com.br\/index.php\/wp-json\/wp\/v2\/types\/page"}],"author":[{"embeddable":true,"href":"https:\/\/querubimforce.com.br\/index.php\/wp-json\/wp\/v2\/users\/1"}],"replies":[{"embeddable":true,"href":"https:\/\/querubimforce.com.br\/index.php\/wp-json\/wp\/v2\/comments?post=449"}],"version-history":[{"count":19,"href":"https:\/\/querubimforce.com.br\/index.php\/wp-json\/wp\/v2\/pages\/449\/revisions"}],"predecessor-version":[{"id":708,"href":"https:\/\/querubimforce.com.br\/index.php\/wp-json\/wp\/v2\/pages\/449\/revisions\/708"}],"wp:attachment":[{"href":"https:\/\/querubimforce.com.br\/index.php\/wp-json\/wp\/v2\/media?parent=449"}],"curies":[{"name":"wp","href":"https:\/\/api.w.org\/{rel}","templated":true}]}}